{"id":400,"date":"2025-10-18T12:40:21","date_gmt":"2025-10-18T12:40:21","guid":{"rendered":"https:\/\/fox.withemes.com\/daniel\/about\/"},"modified":"2026-01-17T22:39:57","modified_gmt":"2026-01-17T22:39:57","slug":"alican-keser","status":"publish","type":"page","link":"https:\/\/alicankeser.com\/index.php\/alican-keser\/","title":{"rendered":"Hakk\u0131mda"},"content":{"rendered":"\n<p>Merhaba, ben Alican Keser.<br>Yakla\u015f\u0131k 15 y\u0131ld\u0131r spor ileti\u015fimi ve spor end\u00fcstrisi alan\u0131nda \u00e7al\u0131\u015fan bir ileti\u015fim profesyoneliyim. Kariyerim boyunca sporun yaln\u0131zca bir oyun de\u011fil, strateji, marka de\u011feri ve itibar y\u00f6netimi a\u00e7\u0131s\u0131ndan g\u00fc\u00e7l\u00fc bir end\u00fcstri oldu\u011funu yak\u0131ndan deneyimledim.<\/p>\n\n\n\n<p>T\u00fcrkiye\u2019nin \u00f6nde gelen spor ve medya kurumlar\u0131nda \u2014 T\u00fcrk Tenis Federasyonu, Fenerbah\u00e7e Spor Kul\u00fcb\u00fc ve Digiturk \/ beIN MEDIA GROUP \u2014 g\u00f6rev ald\u0131m. Bu s\u00fcre\u00e7te spor ileti\u015fimi, marka y\u00f6netimi, kriz ileti\u015fimi, medya ili\u015fkileri ve i\u00e7erik stratejisi alanlar\u0131nda uzmanla\u015ft\u0131m.<\/p>\n\n\n\n<p>Ajans kariyerim boyunca Red Bull, Vestel, Turkcell, G\u00f6ztepe Spor Kul\u00fcb\u00fc, Mercedes-Benz T\u00fcrk ve FIBA Europe gibi markalarla y\u00fcr\u00fctt\u00fc\u011f\u00fcm projelerde; sponsorluk stratejileri ve kurumsal ileti\u015fim s\u00fcre\u00e7lerinde aktif rol ald\u0131m. Her projede, spor end\u00fcstrisinde do\u011fru ileti\u015fimin nas\u0131l kal\u0131c\u0131 bir marka de\u011feri yaratt\u0131\u011f\u0131n\u0131 g\u00f6zlemledim.<\/p>\n\n\n\n<p>Bug\u00fcn, spor end\u00fcstrisinde stratejik ileti\u015fim \u00e7\u00f6z\u00fcmleri geli\u015ftiriyorum. <br>Bu web sitesinde de, spor ileti\u015fimi alan\u0131ndaki deneyimlerimi, sekt\u00f6rel analizlerimi ve yeni ileti\u015fim yakla\u015f\u0131mlar\u0131n\u0131 payla\u015f\u0131yorum.<\/p>\n\n\n\n<script type=\"application\/ld+json\">\n{\n  \"@context\": \"https:\/\/schema.org\",\n  \"@type\": \"ProfilePage\",\n  \"mainEntity\": {\n    \"@type\": \"Person\",\n    \"name\": \"Alican Keser\",\n    \"jobTitle\": \"Spor \u0130leti\u015fimi Profesyoneli ve Stratejist\",\n    \"url\": \"https:\/\/alicankeser.com\/index.php\/alican-keser\/\",\n    \"description\": \"15 y\u0131ll\u0131k deneyime sahip spor ileti\u015fimi uzman\u0131. Fenerbah\u00e7e, beIN MEDIA GROUP ve T\u00fcrk Tenis Federasyonu ge\u00e7mi\u015fiyle spor end\u00fcstrisinde marka y\u00f6netimi ve stratejik ileti\u015fim \u00e7\u00f6z\u00fcmleri sunuyor.\",\n    \"sameAs\": [\n      \"https:\/\/www.linkedin.com\/in\/alicankeser\/\",\n      \"https:\/\/twitter.com\/alicankeser\",\n      \"https:\/\/alicankeser.com\"\n    ],\n    \"worksFor\": {\n      \"@type\": \"Organization\",\n      \"name\": \"Spor End\u00fcstrisinden Notlar\"\n    },\n    \"alumniOf\": [\n      {\n        \"@type\": \"Organization\",\n        \"name\": \"Fenerbah\u00e7e Spor Kul\u00fcb\u00fc\"\n      },\n      {\n        \"@type\": \"Organization\",\n        \"name\": \"beIN MEDIA GROUP\"\n      },\n      {\n        \"@type\": \"Organization\",\n        \"name\": \"T\u00fcrk Tenis Federasyonu\"\n      }\n    ],\n    \"knowsAbout\": [\n      \"Spor \u0130leti\u015fimi\",\n      \"Marka Y\u00f6netimi\",\n      \"Kriz \u0130leti\u015fimi\",\n      \"Sponsorluk Stratejileri\"\n    ]\n  }\n}\n<\/script>\n","protected":false},"excerpt":{"rendered":"<p>Merhaba, ben Alican Keser.Yakla\u015f\u0131k 15 y\u0131ld\u0131r spor ileti\u015fimi ve spor end\u00fcstrisi alan\u0131nda \u00e7al\u0131\u015fan bir ileti\u015fim profesyoneliyim. Kariyerim boyunca sporun yaln\u0131zca bir oyun de\u011fil, strateji, marka de\u011feri ve itibar y\u00f6netimi a\u00e7\u0131s\u0131ndan g\u00fc\u00e7l\u00fc bir end\u00fcstri oldu\u011funu yak\u0131ndan deneyimledim. T\u00fcrkiye\u2019nin \u00f6nde gelen spor ve medya kurumlar\u0131nda \u2014 T\u00fcrk Tenis Federasyonu, Fenerbah\u00e7e Spor Kul\u00fcb\u00fc ve Digiturk \/ beIN MEDIA GROUP \u2014 g\u00f6rev ald\u0131m. Bu s\u00fcre\u00e7te spor ileti\u015fimi, marka y\u00f6netimi, kriz ileti\u015fimi, medya ili\u015fkileri ve i\u00e7erik stratejisi alanlar\u0131nda uzmanla\u015ft\u0131m. Ajans kariyerim boyunca Red Bull, Vestel, Turkcell, G\u00f6ztepe Spor Kul\u00fcb\u00fc, Mercedes-Benz T\u00fcrk ve FIBA Europe gibi markalarla y\u00fcr\u00fctt\u00fc\u011f\u00fcm projelerde; sponsorluk stratejileri ve kurumsal ileti\u015fim s\u00fcre\u00e7lerinde aktif<\/p>\n","protected":false},"author":1,"featured_media":0,"parent":0,"menu_order":0,"comment_status":"closed","ping_status":"closed","template":"","meta":{"footnotes":""},"class_list":["post-400","page","type-page","status-publish","hentry"],"yoast_head":"<!-- This site is optimized with the Yoast SEO plugin v27.4 - https:\/\/yoast.com\/product\/yoast-seo-wordpress\/ -->\n<title>Hakk\u0131mda - Spor End&uuml;strisinden Notlar<\/title>\n<meta name=\"description\" content=\"Ben Alican Keser. Yakla\u015f\u0131k 15 y\u0131ld\u0131r spor ileti\u015fimi ve spor end\u00fcstrisi alan\u0131nda \u00e7al\u0131\u015fan bir ileti\u015fim profesyoneliyim. Kariyerim boyunca sporun yaln\u0131zca bir oyun de\u011fil, strateji, marka de\u011feri ve itibar y\u00f6netimi a\u00e7\u0131s\u0131ndan g\u00fc\u00e7l\u00fc bir end\u00fcstri oldu\u011funu yak\u0131ndan deneyimledim.\" \/>\n<meta name=\"robots\" content=\"index, follow, max-snippet:-1, max-image-preview:large, max-video-preview:-1\" \/>\n<link rel=\"canonical\" href=\"https:\/\/alicankeser.com\/index.php\/alican-keser\/\" \/>\n<meta property=\"og:locale\" content=\"tr_TR\" \/>\n<meta property=\"og:type\" content=\"article\" \/>\n<meta property=\"og:title\" content=\"Hakk\u0131mda - Spor End&uuml;strisinden Notlar\" \/>\n<meta property=\"og:description\" content=\"Ben Alican Keser. Yakla\u015f\u0131k 15 y\u0131ld\u0131r spor ileti\u015fimi ve spor end\u00fcstrisi alan\u0131nda \u00e7al\u0131\u015fan bir ileti\u015fim profesyoneliyim. Kariyerim boyunca sporun yaln\u0131zca bir oyun de\u011fil, strateji, marka de\u011feri ve itibar y\u00f6netimi a\u00e7\u0131s\u0131ndan g\u00fc\u00e7l\u00fc bir end\u00fcstri oldu\u011funu yak\u0131ndan deneyimledim.\" \/>\n<meta property=\"og:url\" content=\"https:\/\/alicankeser.com\/index.php\/alican-keser\/\" \/>\n<meta property=\"og:site_name\" content=\"Spor End&uuml;strisinden Notlar\" \/>\n<meta property=\"article:modified_time\" content=\"2026-01-17T22:39:57+00:00\" \/>\n<meta name=\"twitter:card\" content=\"summary_large_image\" \/>\n<meta name=\"twitter:site\" content=\"@alicankeser\" \/>\n<meta name=\"twitter:label1\" content=\"Tahmini okuma s\u00fcresi\" \/>\n\t<meta name=\"twitter:data1\" content=\"1 dakika\" \/>\n<script type=\"application\/ld+json\" class=\"yoast-schema-graph\">{\"@context\":\"https:\\\/\\\/schema.org\",\"@graph\":[{\"@type\":\"WebPage\",\"@id\":\"https:\\\/\\\/alicankeser.com\\\/index.php\\\/alican-keser\\\/\",\"url\":\"https:\\\/\\\/alicankeser.com\\\/index.php\\\/alican-keser\\\/\",\"name\":\"Hakk\u0131mda - Spor End&uuml;strisinden Notlar\",\"isPartOf\":{\"@id\":\"https:\\\/\\\/alicankeser.com\\\/#website\"},\"datePublished\":\"2025-10-18T12:40:21+00:00\",\"dateModified\":\"2026-01-17T22:39:57+00:00\",\"description\":\"Ben Alican Keser. Yakla\u015f\u0131k 15 y\u0131ld\u0131r spor ileti\u015fimi ve spor end\u00fcstrisi alan\u0131nda \u00e7al\u0131\u015fan bir ileti\u015fim profesyoneliyim. Kariyerim boyunca sporun yaln\u0131zca bir oyun de\u011fil, strateji, marka de\u011feri ve itibar y\u00f6netimi a\u00e7\u0131s\u0131ndan g\u00fc\u00e7l\u00fc bir end\u00fcstri oldu\u011funu yak\u0131ndan deneyimledim.\",\"breadcrumb\":{\"@id\":\"https:\\\/\\\/alicankeser.com\\\/index.php\\\/alican-keser\\\/#breadcrumb\"},\"inLanguage\":\"tr\",\"potentialAction\":[{\"@type\":\"ReadAction\",\"target\":[\"https:\\\/\\\/alicankeser.com\\\/index.php\\\/alican-keser\\\/\"]}]},{\"@type\":\"BreadcrumbList\",\"@id\":\"https:\\\/\\\/alicankeser.com\\\/index.php\\\/alican-keser\\\/#breadcrumb\",\"itemListElement\":[{\"@type\":\"ListItem\",\"position\":1,\"name\":\"Anasayfa\",\"item\":\"https:\\\/\\\/alicankeser.com\\\/\"},{\"@type\":\"ListItem\",\"position\":2,\"name\":\"Hakk\u0131mda\"}]},{\"@type\":\"WebSite\",\"@id\":\"https:\\\/\\\/alicankeser.com\\\/#website\",\"url\":\"https:\\\/\\\/alicankeser.com\\\/\",\"name\":\"Spor End\u00fcstrisinden Notlar\",\"description\":\"Alican Keser\",\"potentialAction\":[{\"@type\":\"SearchAction\",\"target\":{\"@type\":\"EntryPoint\",\"urlTemplate\":\"https:\\\/\\\/alicankeser.com\\\/?s={search_term_string}\"},\"query-input\":{\"@type\":\"PropertyValueSpecification\",\"valueRequired\":true,\"valueName\":\"search_term_string\"}}],\"inLanguage\":\"tr\"}]}<\/script>\n<!-- \/ Yoast SEO plugin. -->","yoast_head_json":{"title":"Hakk\u0131mda - Spor End&uuml;strisinden Notlar","description":"Ben Alican Keser. Yakla\u015f\u0131k 15 y\u0131ld\u0131r spor ileti\u015fimi ve spor end\u00fcstrisi alan\u0131nda \u00e7al\u0131\u015fan bir ileti\u015fim profesyoneliyim. Kariyerim boyunca sporun yaln\u0131zca bir oyun de\u011fil, strateji, marka de\u011feri ve itibar y\u00f6netimi a\u00e7\u0131s\u0131ndan g\u00fc\u00e7l\u00fc bir end\u00fcstri oldu\u011funu yak\u0131ndan deneyimledim.","robots":{"index":"index","follow":"follow","max-snippet":"max-snippet:-1","max-image-preview":"max-image-preview:large","max-video-preview":"max-video-preview:-1"},"canonical":"https:\/\/alicankeser.com\/index.php\/alican-keser\/","og_locale":"tr_TR","og_type":"article","og_title":"Hakk\u0131mda - Spor End&uuml;strisinden Notlar","og_description":"Ben Alican Keser. Yakla\u015f\u0131k 15 y\u0131ld\u0131r spor ileti\u015fimi ve spor end\u00fcstrisi alan\u0131nda \u00e7al\u0131\u015fan bir ileti\u015fim profesyoneliyim. Kariyerim boyunca sporun yaln\u0131zca bir oyun de\u011fil, strateji, marka de\u011feri ve itibar y\u00f6netimi a\u00e7\u0131s\u0131ndan g\u00fc\u00e7l\u00fc bir end\u00fcstri oldu\u011funu yak\u0131ndan deneyimledim.","og_url":"https:\/\/alicankeser.com\/index.php\/alican-keser\/","og_site_name":"Spor End&uuml;strisinden Notlar","article_modified_time":"2026-01-17T22:39:57+00:00","twitter_card":"summary_large_image","twitter_site":"@alicankeser","twitter_misc":{"Tahmini okuma s\u00fcresi":"1 dakika"},"schema":{"@context":"https:\/\/schema.org","@graph":[{"@type":"WebPage","@id":"https:\/\/alicankeser.com\/index.php\/alican-keser\/","url":"https:\/\/alicankeser.com\/index.php\/alican-keser\/","name":"Hakk\u0131mda - Spor End&uuml;strisinden Notlar","isPartOf":{"@id":"https:\/\/alicankeser.com\/#website"},"datePublished":"2025-10-18T12:40:21+00:00","dateModified":"2026-01-17T22:39:57+00:00","description":"Ben Alican Keser. Yakla\u015f\u0131k 15 y\u0131ld\u0131r spor ileti\u015fimi ve spor end\u00fcstrisi alan\u0131nda \u00e7al\u0131\u015fan bir ileti\u015fim profesyoneliyim. Kariyerim boyunca sporun yaln\u0131zca bir oyun de\u011fil, strateji, marka de\u011feri ve itibar y\u00f6netimi a\u00e7\u0131s\u0131ndan g\u00fc\u00e7l\u00fc bir end\u00fcstri oldu\u011funu yak\u0131ndan deneyimledim.","breadcrumb":{"@id":"https:\/\/alicankeser.com\/index.php\/alican-keser\/#breadcrumb"},"inLanguage":"tr","potentialAction":[{"@type":"ReadAction","target":["https:\/\/alicankeser.com\/index.php\/alican-keser\/"]}]},{"@type":"BreadcrumbList","@id":"https:\/\/alicankeser.com\/index.php\/alican-keser\/#breadcrumb","itemListElement":[{"@type":"ListItem","position":1,"name":"Anasayfa","item":"https:\/\/alicankeser.com\/"},{"@type":"ListItem","position":2,"name":"Hakk\u0131mda"}]},{"@type":"WebSite","@id":"https:\/\/alicankeser.com\/#website","url":"https:\/\/alicankeser.com\/","name":"Spor End\u00fcstrisinden Notlar","description":"Alican Keser","potentialAction":[{"@type":"SearchAction","target":{"@type":"EntryPoint","urlTemplate":"https:\/\/alicankeser.com\/?s={search_term_string}"},"query-input":{"@type":"PropertyValueSpecification","valueRequired":true,"valueName":"search_term_string"}}],"inLanguage":"tr"}]}},"jetpack_sharing_enabled":true,"_links":{"self":[{"href":"https:\/\/alicankeser.com\/index.php\/wp-json\/wp\/v2\/pages\/400","targetHints":{"allow":["GET"]}}],"collection":[{"href":"https:\/\/alicankeser.com\/index.php\/wp-json\/wp\/v2\/pages"}],"about":[{"href":"https:\/\/alicankeser.com\/index.php\/wp-json\/wp\/v2\/types\/page"}],"author":[{"embeddable":true,"href":"https:\/\/alicankeser.com\/index.php\/wp-json\/wp\/v2\/users\/1"}],"replies":[{"embeddable":true,"href":"https:\/\/alicankeser.com\/index.php\/wp-json\/wp\/v2\/comments?post=400"}],"version-history":[{"count":0,"href":"https:\/\/alicankeser.com\/index.php\/wp-json\/wp\/v2\/pages\/400\/revisions"}],"wp:attachment":[{"href":"https:\/\/alicankeser.com\/index.php\/wp-json\/wp\/v2\/media?parent=400"}],"curies":[{"name":"wp","href":"https:\/\/api.w.org\/{rel}","templated":true}]}}